{"id":706,"date":"2025-08-28T06:15:51","date_gmt":"2025-08-28T06:15:51","guid":{"rendered":"https:\/\/cranerails.com\/sobre-nosotros\/"},"modified":"2025-11-28T20:28:19","modified_gmt":"2025-11-28T20:28:19","slug":"sobre-nosotros","status":"publish","type":"page","link":"https:\/\/cranerails.com\/es\/sobre-nosotros\/","title":{"rendered":"Sobre Nosotros"},"content":{"rendered":"\t\t<div data-elementor-type=\"wp-page\" data-elementor-id=\"706\" class=\"elementor elementor-706 elementor-319\" data-elementor-post-type=\"page\">\n\t\t\t\t<div class=\"elementor-element elementor-element-4429018 e-flex e-con-boxed e-con e-parent\" data-id=\"4429018\" data-element_type=\"container\" data-settings=\"{&quot;background_background&quot;:&quot;classic&quot;}\">\n\t\t\t\t\t<div class=\"e-con-inner\">\n\t\t\t\t<div class=\"elementor-element elementor-element-deeba58 jet-breadcrumbs-on-front-yes elementor-widget elementor-widget-jet-breadcrumbs\" data-id=\"deeba58\" data-element_type=\"widget\" data-widget_type=\"jet-breadcrumbs.default\">\n\t\t\t\t<div class=\"elementor-widget-container\">\n\t\t\t\t\t<div class=\"elementor-jet-breadcrumbs jet-blocks\">\n\t\t<div class=\"jet-breadcrumbs\">\n\t\t<div class=\"jet-breadcrumbs__content\">\n\t\t<div class=\"jet-breadcrumbs__wrap\"><div class=\"jet-breadcrumbs__item\"><a href=\"https:\/\/cranerails.com\/es\/\" class=\"jet-breadcrumbs__item-link is-home\" rel=\"home\" title=\"Inicio\">Inicio<\/a><\/div>\n\t\t<\/div>\n\t\t<\/div>\n\t\t<\/div><\/div>\t\t\t\t<\/div>\n\t\t\t\t<\/div>\n\t\t\t\t<div class=\"elementor-element elementor-element-3407c55 elementor-widget elementor-widget-heading\" data-id=\"3407c55\" data-element_type=\"widget\" data-widget_type=\"heading.default\">\n\t\t\t\t\t<h1 class=\"elementor-heading-title elementor-size-default\">Sobre Nosotros<\/h1>\t\t\t\t<\/div>\n\t\t\t\t\t<\/div>\n\t\t\t\t<\/div>\n\t\t<div class=\"elementor-element elementor-element-82cd92a e-con-full e-flex e-con e-parent\" data-id=\"82cd92a\" data-element_type=\"container\" data-settings=\"{&quot;background_background&quot;:&quot;classic&quot;}\">\n\t\t<div class=\"elementor-element elementor-element-336d238 e-con-full e-flex e-con e-child\" data-id=\"336d238\" data-element_type=\"container\" data-settings=\"{&quot;background_background&quot;:&quot;classic&quot;}\">\n\t\t\t\t<div class=\"elementor-element elementor-element-fe6d989 elementor-widget elementor-widget-heading\" data-id=\"fe6d989\" data-element_type=\"widget\" data-widget_type=\"heading.default\">\n\t\t\t\t\t<h2 class=\"elementor-heading-title elementor-size-default\">Qui\u00e9nes Somos<\/h2>\t\t\t\t<\/div>\n\t\t\t\t<div class=\"elementor-element elementor-element-26fab1d elementor-widget elementor-widget-text-editor\" data-id=\"26fab1d\" data-element_type=\"widget\" data-widget_type=\"text-editor.default\">\n\t\t\t\t\t\t\t\t\t<p>En Cranerails.com nos especializamos en el dise\u00f1o, desarrollo y suministro de rieles para gr\u00faas de alta calidad para una amplia gama de aplicaciones industriales. Con una s\u00f3lida base en experiencia en ingenier\u00eda y conocimiento de la industria, brindamos soluciones confiables que satisfacen las demandas de las operaciones de servicio pesado. <\/p><p>Nuestra gama de productos se fabrica de acuerdo con los est\u00e1ndares internacionales y es adecuada para puertos, plantas de acero, almacenes, centros log\u00edsticos y otras instalaciones industriales donde la precisi\u00f3n, la durabilidad y la seguridad son fundamentales.<\/p><p>Estamos comprometidos a mantener una calidad constante en cada riel que entregamos. Nuestro enfoque en la precisi\u00f3n t\u00e9cnica, la integridad del material y el rendimiento garantiza que nuestros rieles para gr\u00faas respalden la operaci\u00f3n eficiente y segura de los sistemas de elevaci\u00f3n y transporte en todo el mundo. <\/p><p>En Cranerails.com, la profesionalidad y la fiabilidad gu\u00edan todo lo que hacemos. Al combinar la experiencia t\u00e9cnica con un enfoque orientado al cliente, seguimos siendo un socio de confianza en la industria de los rieles para gr\u00faas. <\/p><p> <\/p><h3><strong>Misi\u00f3n<\/strong><\/h3><p>En CRANERAILS.com, nuestra misi\u00f3n es ofrecer soluciones de rieles para gr\u00faas que combinen durabilidad, precisi\u00f3n y est\u00e1ndares de calidad internacionales. Nos dedicamos a apoyar la manipulaci\u00f3n segura y eficiente de materiales proporcionando productos y experiencia que satisfacen las necesidades de las industrias de todo el mundo. <\/p><h3><strong>Visi\u00f3n<\/strong><\/h3><p>Nuestra visi\u00f3n es ser reconocidos como un l\u00edder mundial en sistemas de rieles para gr\u00faas, conocidos por la innovaci\u00f3n, la fiabilidad y la excelencia profesional. Nos esforzamos por establecer puntos de referencia en calidad y servicio, construyendo asociaciones a largo plazo que contribuyan al crecimiento y avance de la infraestructura industrial en todo el mundo. <\/p>\t\t\t\t\t\t\t\t<\/div>\n\t\t\t\t<\/div>\n\t\t<div class=\"elementor-element elementor-element-84ae0cb e-con-full e-flex e-con e-child\" data-id=\"84ae0cb\" data-element_type=\"container\" data-settings=\"{&quot;background_background&quot;:&quot;classic&quot;}\">\n\t\t\t\t<div class=\"elementor-element elementor-element-243ad10 elementor-widget elementor-widget-image\" data-id=\"243ad10\" data-element_type=\"widget\" data-widget_type=\"image.default\">\n\t\t\t\t\t\t\t\t\t\t\t\t\t\t\t<img fetchpriority=\"high\" decoding=\"async\" width=\"812\" height=\"1224\" src=\"https:\/\/cranerails.com\/wp-content\/uploads\/2025\/08\/steptodown.com386688.jpg\" class=\"attachment-full size-full wp-image-711\" alt=\"\" srcset=\"https:\/\/cranerails.com\/wp-content\/uploads\/2025\/08\/steptodown.com386688.jpg 812w, https:\/\/cranerails.com\/wp-content\/uploads\/2025\/08\/steptodown.com386688-199x300.jpg 199w, https:\/\/cranerails.com\/wp-content\/uploads\/2025\/08\/steptodown.com386688-679x1024.jpg 679w, https:\/\/cranerails.com\/wp-content\/uploads\/2025\/08\/steptodown.com386688-768x1158.jpg 768w\" sizes=\"(max-width: 812px) 100vw, 812px\" \/>\t\t\t\t\t\t\t\t\t\t\t\t\t\t\t<\/div>\n\t\t\t\t<\/div>\n\t\t\t\t<\/div>\n\t\t<div class=\"elementor-element elementor-element-5c570ba e-con-full e-flex e-con e-parent\" data-id=\"5c570ba\" data-element_type=\"container\" data-settings=\"{&quot;background_background&quot;:&quot;classic&quot;}\">\n\t\t<div class=\"elementor-element elementor-element-4086914 e-con-full e-flex e-con e-child\" data-id=\"4086914\" data-element_type=\"container\" data-settings=\"{&quot;background_background&quot;:&quot;classic&quot;}\">\n\t\t\t\t<div class=\"elementor-element elementor-element-297ca86 elementor-widget elementor-widget-heading\" data-id=\"297ca86\" data-element_type=\"widget\" data-widget_type=\"heading.default\">\n\t\t\t\t\t<h2 class=\"elementor-heading-title elementor-size-default\">Nuestros Productos Principales<\/h2>\t\t\t\t<\/div>\n\t\t\t\t<div class=\"elementor-element elementor-element-b04cefb elementor-widget elementor-widget-text-editor\" data-id=\"b04cefb\" data-element_type=\"widget\" data-widget_type=\"text-editor.default\">\n\t\t\t\t\t\t\t\t\t<p data-start=\"1081\" data-end=\"1169\">Suministramos una gama completa de rieles adaptados a diferentes industrias y aplicaciones:<\/p><ul data-start=\"1171\" data-end=\"1485\"><li data-start=\"1171\" data-end=\"1273\"><p data-start=\"1173\" data-end=\"1273\">Rieles para Gr\u00faas (DIN y Perfiles Personalizados): A45, A55, A65, A75, A100, A120, A150, CR73, MRS87B, CR175<\/p><\/li><li data-start=\"1274\" data-end=\"1355\"><p data-start=\"1276\" data-end=\"1355\">Rieles Est\u00e1ndar: S10, S12, S14, S18, S20, S24, S30, S49 (49E1), S60 (60E1)<\/p><\/li><li data-start=\"1356\" data-end=\"1485\"><p data-start=\"1358\" data-end=\"1485\">Rieles Especializados: Rieles termotratados, laminados en caliente y de aleaci\u00f3n especial dise\u00f1ados para entornos extremos y uso intensivo<\/p><\/li><\/ul><p data-start=\"1487\" data-end=\"1671\">Alongside rails, we provide full rail systems including fastening components, welding and machining services, and custom profile solutions to support complex infrastructure projects.<\/p><p data-start=\"1043\" data-end=\"1322\">Junto con los rieles, ofrecemos sistemas ferroviarios completos que incluyen componentes de fijaci\u00f3n, servicios de soldadura y mecanizado, y soluciones de perfiles personalizados para respaldar proyectos de infraestructura complejos. <\/p>\t\t\t\t\t\t\t\t<\/div>\n\t\t\t\t<\/div>\n\t\t<div class=\"elementor-element elementor-element-1d0e130 e-con-full e-flex e-con e-child\" data-id=\"1d0e130\" data-element_type=\"container\" data-settings=\"{&quot;background_background&quot;:&quot;classic&quot;}\">\n\t\t\t\t<div class=\"elementor-element elementor-element-30b7153 elementor-widget elementor-widget-image\" data-id=\"30b7153\" data-element_type=\"widget\" data-widget_type=\"image.default\">\n\t\t\t\t\t\t\t\t\t\t\t\t\t\t\t<img decoding=\"async\" width=\"810\" height=\"1224\" src=\"https:\/\/cranerails.com\/wp-content\/uploads\/2025\/08\/steptodown.com906722.jpg\" class=\"attachment-full size-full wp-image-710\" alt=\"\" srcset=\"https:\/\/cranerails.com\/wp-content\/uploads\/2025\/08\/steptodown.com906722.jpg 810w, https:\/\/cranerails.com\/wp-content\/uploads\/2025\/08\/steptodown.com906722-199x300.jpg 199w, https:\/\/cranerails.com\/wp-content\/uploads\/2025\/08\/steptodown.com906722-678x1024.jpg 678w, https:\/\/cranerails.com\/wp-content\/uploads\/2025\/08\/steptodown.com906722-768x1161.jpg 768w\" sizes=\"(max-width: 810px) 100vw, 810px\" \/>\t\t\t\t\t\t\t\t\t\t\t\t\t\t\t<\/div>\n\t\t\t\t<\/div>\n\t\t\t\t<\/div>\n\t\t<div class=\"elementor-element elementor-element-ad2ad11 e-con-full e-flex e-con e-parent\" data-id=\"ad2ad11\" data-element_type=\"container\" data-settings=\"{&quot;background_background&quot;:&quot;classic&quot;}\">\n\t\t<div class=\"elementor-element elementor-element-1952d85 e-con-full e-flex e-con e-child\" data-id=\"1952d85\" data-element_type=\"container\" data-settings=\"{&quot;background_background&quot;:&quot;classic&quot;}\">\n\t\t\t\t<div class=\"elementor-element elementor-element-4fadeff elementor-widget elementor-widget-heading\" data-id=\"4fadeff\" data-element_type=\"widget\" data-widget_type=\"heading.default\">\n\t\t\t\t\t<h2 class=\"elementor-heading-title elementor-size-default\">\u00bfQu\u00e9 Hacemos?<\/h2>\t\t\t\t<\/div>\n\t\t\t\t<div class=\"elementor-element elementor-element-77d3a84 elementor-widget elementor-widget-text-editor\" data-id=\"77d3a84\" data-element_type=\"widget\" data-widget_type=\"text-editor.default\">\n\t\t\t\t\t\t\t\t\t<p data-start=\"1699\" data-end=\"1757\">En Crain Rail, vamos m\u00e1s all\u00e1 del suministro de acero. Proporcionamos: <\/p><ul data-start=\"1758\" data-end=\"2089\"><li data-start=\"1758\" data-end=\"1835\"><p data-start=\"1760\" data-end=\"1835\"><strong data-start=\"1760\" data-end=\"1786\">Custom Rail Processing<\/strong> (cutting, drilling, milling, welding, bending)<\/p><\/li><li data-start=\"1836\" data-end=\"1908\"><p data-start=\"1838\" data-end=\"1908\">Sistemas de Fijaci\u00f3n de Rieles (clips, almohadillas, placas de apoyo y sujetadores)<\/p><\/li><li data-start=\"1909\" data-end=\"2008\"><p data-start=\"1911\" data-end=\"2008\">Soporte T\u00e9cnico y Consultor\u00eda (selecci\u00f3n de rieles, optimizaci\u00f3n de la disposici\u00f3n, gu\u00eda de instalaci\u00f3n)<\/p><\/li><li data-start=\"2009\" data-end=\"2089\"><p data-start=\"2011\" data-end=\"2089\">Entrega R\u00e1pida con stock constante de rieles para gr\u00faas est\u00e1ndar y accesorios<\/p><\/li><\/ul><p data-start=\"1043\" data-end=\"1322\">Alongside rails, we provide full rail systems including fastening components, welding and machining services, and custom profile solutions to support complex infrastructure projects. <\/p>\t\t\t\t\t\t\t\t<\/div>\n\t\t\t\t<\/div>\n\t\t<div class=\"elementor-element elementor-element-9187035 e-con-full e-flex e-con e-child\" data-id=\"9187035\" data-element_type=\"container\" data-settings=\"{&quot;background_background&quot;:&quot;classic&quot;}\">\n\t\t\t\t<div class=\"elementor-element elementor-element-0bb0d3d elementor-widget elementor-widget-image\" data-id=\"0bb0d3d\" data-element_type=\"widget\" data-widget_type=\"image.default\">\n\t\t\t\t\t\t\t\t\t\t\t\t\t\t\t<img decoding=\"async\" width=\"900\" height=\"1224\" src=\"https:\/\/cranerails.com\/wp-content\/uploads\/2025\/08\/steptodown.com446319.jpg\" class=\"attachment-full size-full wp-image-715\" alt=\"\" srcset=\"https:\/\/cranerails.com\/wp-content\/uploads\/2025\/08\/steptodown.com446319.jpg 900w, https:\/\/cranerails.com\/wp-content\/uploads\/2025\/08\/steptodown.com446319-221x300.jpg 221w, https:\/\/cranerails.com\/wp-content\/uploads\/2025\/08\/steptodown.com446319-753x1024.jpg 753w, https:\/\/cranerails.com\/wp-content\/uploads\/2025\/08\/steptodown.com446319-768x1044.jpg 768w\" sizes=\"(max-width: 900px) 100vw, 900px\" \/>\t\t\t\t\t\t\t\t\t\t\t\t\t\t\t<\/div>\n\t\t\t\t<\/div>\n\t\t\t\t<\/div>\n\t\t<div class=\"elementor-element elementor-element-e5035aa e-con-full e-flex e-con e-parent\" data-id=\"e5035aa\" data-element_type=\"container\" data-settings=\"{&quot;background_background&quot;:&quot;classic&quot;}\">\n\t\t<div class=\"elementor-element elementor-element-4663c04 e-con-full e-flex e-con e-child\" data-id=\"4663c04\" data-element_type=\"container\" data-settings=\"{&quot;background_background&quot;:&quot;classic&quot;}\">\n\t\t\t\t<div class=\"elementor-element elementor-element-b4052c2 elementor-widget elementor-widget-heading\" data-id=\"b4052c2\" data-element_type=\"widget\" data-widget_type=\"heading.default\">\n\t\t\t\t\t<h2 class=\"elementor-heading-title elementor-size-default\">\u00bfPor Qu\u00e9 Elegir CrainRail?<\/h2>\t\t\t\t<\/div>\n\t\t\t\t<div class=\"elementor-element elementor-element-a0c8a4a elementor-widget elementor-widget-text-editor\" data-id=\"a0c8a4a\" data-element_type=\"widget\" data-widget_type=\"text-editor.default\">\n\t\t\t\t\t\t\t\t\t<ul><li>D\u00e9cadas de Experiencia en la Industria: Conocimiento probado en aplicaciones de gr\u00faas, miner\u00eda y ferrocarriles<\/li><li data-start=\"2227\" data-end=\"2318\"><p data-start=\"2229\" data-end=\"2318\">Proveedor Integral: Soluciones ferroviarias completas con accesorios y servicios de procesamiento<\/p><\/li><li data-start=\"2319\" data-end=\"2404\"><p data-start=\"2321\" data-end=\"2404\">Est\u00e1ndares Globales: Fabricaci\u00f3n alineada con las certificaciones ISO, EN y ASTM<\/p><\/li><li data-start=\"2405\" data-end=\"2505\"><p data-start=\"2407\" data-end=\"2505\">Alcance Internacional: Exportaciones exitosas a m\u00faltiples continentes con un s\u00f3lido apoyo log\u00edstico<\/p><\/li><\/ul><p data-start=\"2507\" data-end=\"2694\">Con un enfoque centrado en el cliente y una fuerte orientaci\u00f3n a la innovaci\u00f3n, Crain Rail no solo ofrece productos, sino tambi\u00e9n la confianza y la fiabilidad necesarias para impulsar la infraestructura del ma\u00f1ana.<\/p><p data-start=\"1043\" data-end=\"1322\">Al reducir los defectos superficiales y prolongar la vida \u00fatil de los rieles, las soluciones termotratadas reducen los costos generales de mantenimiento y mejoran la seguridad. Son una opci\u00f3n confiable para operaciones de carga pesada, l\u00edneas de alta velocidad y otras aplicaciones donde el rendimiento en condiciones extremas es cr\u00edtico. <\/p>\t\t\t\t\t\t\t\t<\/div>\n\t\t\t\t<\/div>\n\t\t<div class=\"elementor-element elementor-element-cd0531b e-con-full e-flex e-con e-child\" data-id=\"cd0531b\" data-element_type=\"container\" data-settings=\"{&quot;background_background&quot;:&quot;classic&quot;}\">\n\t\t\t\t<div class=\"elementor-element elementor-element-aefa378 elementor-widget elementor-widget-image\" data-id=\"aefa378\" data-element_type=\"widget\" data-widget_type=\"image.default\">\n\t\t\t\t\t\t\t\t\t\t\t\t\t\t\t<img loading=\"lazy\" decoding=\"async\" width=\"1752\" height=\"2560\" src=\"https:\/\/cranerails.com\/wp-content\/uploads\/2025\/08\/shipping-containers-railroad-tracks-scaled.webp\" class=\"attachment-full size-full wp-image-310\" alt=\"\" srcset=\"https:\/\/cranerails.com\/wp-content\/uploads\/2025\/08\/shipping-containers-railroad-tracks-scaled.webp 1752w, https:\/\/cranerails.com\/wp-content\/uploads\/2025\/08\/shipping-containers-railroad-tracks-205x300.webp 205w, https:\/\/cranerails.com\/wp-content\/uploads\/2025\/08\/shipping-containers-railroad-tracks-701x1024.webp 701w, https:\/\/cranerails.com\/wp-content\/uploads\/2025\/08\/shipping-containers-railroad-tracks-768x1122.webp 768w, https:\/\/cranerails.com\/wp-content\/uploads\/2025\/08\/shipping-containers-railroad-tracks-1051x1536.webp 1051w, https:\/\/cranerails.com\/wp-content\/uploads\/2025\/08\/shipping-containers-railroad-tracks-1401x2048.webp 1401w\" sizes=\"(max-width: 1752px) 100vw, 1752px\" \/>\t\t\t\t\t\t\t\t\t\t\t\t\t\t\t<\/div>\n\t\t\t\t<\/div>\n\t\t\t\t<\/div>\n\t\t\t\t<\/div>\n\t\t","protected":false},"excerpt":{"rendered":"<p>Inicio Qui\u00e9nes Somos En Cranerails.com nos especializamos en el dise\u00f1o, desarrollo y suministro de rieles para gr\u00faas de alta calidad para una amplia gama de aplicaciones industriales. Con una s\u00f3lida base en experiencia en ingenier\u00eda y conocimiento de la industria, brindamos soluciones confiables que satisfacen las demandas de las operaciones de servicio pesado. Nuestra gama [&hellip;]<\/p>\n","protected":false},"author":1,"featured_media":0,"parent":0,"menu_order":0,"comment_status":"closed","ping_status":"closed","template":"","meta":{"footnotes":""},"class_list":["post-706","page","type-page","status-publish","hentry"],"_links":{"self":[{"href":"https:\/\/cranerails.com\/es\/wp-json\/wp\/v2\/pages\/706","targetHints":{"allow":["GET"]}}],"collection":[{"href":"https:\/\/cranerails.com\/es\/wp-json\/wp\/v2\/pages"}],"about":[{"href":"https:\/\/cranerails.com\/es\/wp-json\/wp\/v2\/types\/page"}],"author":[{"embeddable":true,"href":"https:\/\/cranerails.com\/es\/wp-json\/wp\/v2\/users\/1"}],"replies":[{"embeddable":true,"href":"https:\/\/cranerails.com\/es\/wp-json\/wp\/v2\/comments?post=706"}],"version-history":[{"count":8,"href":"https:\/\/cranerails.com\/es\/wp-json\/wp\/v2\/pages\/706\/revisions"}],"predecessor-version":[{"id":894,"href":"https:\/\/cranerails.com\/es\/wp-json\/wp\/v2\/pages\/706\/revisions\/894"}],"wp:attachment":[{"href":"https:\/\/cranerails.com\/es\/wp-json\/wp\/v2\/media?parent=706"}],"curies":[{"name":"wp","href":"https:\/\/api.w.org\/{rel}","templated":true}]}}